{"id":37,"date":"2016-10-08T12:26:35","date_gmt":"2016-10-08T09:26:35","guid":{"rendered":"http:\/\/www.haminansulkapalloilijat.fi\/?page_id=37"},"modified":"2020-10-22T06:42:54","modified_gmt":"2020-10-22T03:42:54","slug":"kisamenestys-muualla","status":"publish","type":"page","link":"http:\/\/www.haminansulkapalloilijat.fi\/?page_id=37","title":{"rendered":"Kisamenestys muualla"},"content":{"rendered":"<p><strong>Kansalliset 2020:<\/strong><\/p>\n<p>Savon Sulan kansallisissa kisoissa Kuopiossa 17-18.10 Janne Kivim\u00e4ki ja Luka Penttinen ottivat luokkavoitot!<br \/>\nJanne voitti Mk-A luokan jossa Mansen Sulan Pauli Meuronen kukistui erin 2-0 (21-13,21-9)<br \/>\nLuka puolestaan oli ykk\u00f6nen Mk-B luokassa jonka loppuottelussa kukistui KouSS:n Hannu Sirvi\u00f6 erin 2-1 (17-21,21-13,21-16).<\/p>\n<p>&nbsp;<\/p>\n<p><b><i>Kilpailutuloksia 2007<\/i><\/b><br \/>\n<b><i>HamSun pelaajien kilpailusaavutuksia(nelj\u00e4n joukkoon)<\/i><\/b><\/p>\n<p>20.-21.1.07 Tapion Sulan kansalliset<br \/>\nSN-B 2.Tero M\u00e4kel\u00e4<br \/>\nMN-A 4.Tero M\u00e4kel\u00e4<br \/>\nMN-C 4.Jani Miinalainen<\/p>\n<p>17.2.07 Kouvolan kansalliset<br \/>\nSN-B 2.Tero M\u00e4kel\u00e4<br \/>\nMN-C 4.Jani Miinalainen<br \/>\nMK-40 1.Reijo Pakkanen<br \/>\nMK-40 4.Jouko Lalu<br \/>\nMN-40 1.Reijo Pakkanen<br \/>\nMN-40 1.Jouko Lalu<\/p>\n<p>17.-18.3.07 \u00e4IF:n Eliittikisat<br \/>\nSN-B 4.Tero M\u00e4kel\u00e4<\/p>\n<p>31.3.07 Mikkelin kansalliset<br \/>\nMK-45 2.Jouko Lalu<br \/>\nTK-15 1.Henna Nopanen<br \/>\nTK-15 2.Marjut Viita-aho<\/p>\n<p>14.-15.4.07 Wilsun Eliittikisat<br \/>\nSN-B 2.Tero M\u00e4kel\u00e4<br \/>\nMK-50 4.Reijo Pakkanen<\/p>\n<p>5.-6.5.07 \u00e4IF:n nelinpelikisa<br \/>\nMN-B 2.Tero M\u00e4kel\u00e4<\/p>\n<p>1.-2.9.07 Lahden kansalliset<br \/>\nMN-B 4.Juha Lahtela<br \/>\nMN-B 4.Petri Silvo<\/p>\n<p>15.-16.9.07 ESB-Eliittikisat,Espoo<br \/>\nMN-B 4.Tero M\u00e4kel\u00e4<\/p>\n<p>15.-16.9.07 Mailapelien Finnish Open,Lappeenranta<br \/>\nMK-45 1.Keijo Pellinen<\/p>\n<p>22.-23.9.07 \u00e4IF:n JGP-kisat,Vantaa<br \/>\nTN-15 4.Henna Nopanen<br \/>\nTN-15 4.Marjut Viita-aho<\/p>\n<p>13.-14.10.07 Driven kansalliset,Helsinki<br \/>\nSN-B 2.Janne Kivim\u00e4ki<\/p>\n<p>20.-21.10.07 TS Espoo,JGP-kisat<br \/>\nTK-15 4.Henna Nopanen<\/p>\n<p>26.-28.10.07 Mailapelien SM-kisat,Helsinki Myllypuro<br \/>\nMK-45 4.Keijo Pellinen<\/p>\n<p>29.12.07 Kouvolan joulukisat<br \/>\nMN 4.Jouko Lalu<br \/>\nMN 4.Juha Lahtela<br \/>\nPK-17 4.Jusa Leander<br \/>\nTK-15 1.Henna Nopanen<br \/>\nTK-15 2.Marjut Viita-aho<br \/>\nTK-15 4.Mirka Timonen<br \/>\nPK-13 3.V\u00e4in\u00e4 Kontinen<br \/>\nPN-17 4.Jusa Leander<br \/>\nPN-13 3.V\u00e4in\u00e4 Kontinen<br \/>\nTN-15 1.Henna Nopanen<br \/>\nTN-15 1.Marjut Viita-aho<br \/>\nTN-15 4.Mirka Timonen<br \/>\nTN-15 4.Rosalinda Louhijoki<b><i><br \/>\n<\/i><\/b><\/p>\n<p><b><i>Kilpailutuloksia2006<\/i><\/b><br \/>\n<b><i>Hamsun pelaajien kilpailusaavutuksia (nelj\u00e4n joukkoon)<\/i><\/b><\/p>\n<p>18.-19.2.06 Kouvolan kansalliset<br \/>\nMN-D 1.Petri Silvo\/Juha Lahtela<br \/>\nMN-D 2.Reijo Pakkanen\/Veli-Matti Kiiski<br \/>\nMK-C 2.Tero M\u00e4kel\u00e4<br \/>\nMK-A 4.Janne Kivim\u00e4ki<br \/>\nMN-A 4.Tero M\u00e4kel\u00e4\/Jani Miinalainen<\/p>\n<p>18.3.06 Mikkelin kansalliset<br \/>\nNK-D 4.Marjo Lalu<br \/>\nMK-45 4.Jouko Lalu<\/p>\n<p>9.-10.9.06 Hansun kansalliset,Helsinki<br \/>\nMN-A 4.Tero M\u00e4kel\u00e4<\/p>\n<p>16.-17.9.06 ESB,Eliittikisat Espoo<br \/>\nMN-C 1.Petri Silvo\/Juha Lahtela<br \/>\nSN-B 2.Tero M\u00e4kel\u00e4<\/p>\n<p>7.-8.10.06 Mailapelien SM-kisat Vantaa<br \/>\nMK-C 1.Keijo Pellinen<\/p>\n<p>7.-8.10.06 Drive Eliittikisat,Helsinki<br \/>\nMN-C 1.Petri Silvo\/Juha Lahtela<br \/>\nMN-C 4.Jani Miinalainen\/Rami Hiipakka<br \/>\nSN-B 4.Tero M\u00e4kel\u00e4<\/p>\n<p>20.-21.10.06 Sotilasurheiluliiton sulkapallomestaruuskisat,Lahti<br \/>\nMK-A 2.Keijo Pellinen<br \/>\nMK-A 3.Juha Lahtela<br \/>\nMN-A 1.Reijo Pakkanen<br \/>\nMN-A 2.Juha Lahtela<br \/>\nMK-45 1.Keijo Pellinen<br \/>\nMK-45 2.Reijo Pakkanen<br \/>\nMN-B 1.Antti-Pekka Haverinen<br \/>\nMK-B 2.Antti-Pekka Haverinen<\/p>\n<p>2.-3.12.06 Nastolan Eliittikisat<br \/>\nMN-C 1.Petri Silvo<\/p>\n<p>16.12.06 Aluemestruuskisat, Kouvola<br \/>\nMK-D 1.Rami Hiipakka<br \/>\nMN-D 1.Reijo Pakkanen\/Aki Hiironen<br \/>\nNP-tyt\u00e4t sijat 3-4<br \/>\nHenna Nopanen\/Marjut Viita-aho<br \/>\nMirka Timonen\/Rosalinda Louhijoki<\/p>\n<p><b><i>Kilpailutuloksia 2005<\/i><\/b><br \/>\n<b><i>Hamsun pelaajien kilpailusaavutuksia (kuuden joukkoon)<\/i><\/b><\/p>\n<p>19.-20.2.05 Kouvolan kansalliset<br \/>\nMK-C 4. Tero M\u00e4kel\u00e4<br \/>\nMN-40 4. Reijo Pakkanen \/ Veli-Matti Kiiski<\/p>\n<p>09-10.4.05 WilSun Eliittikisat, Lappeenranta<br \/>\nMN-B 4. Tero M\u00e4kel\u00e4<\/p>\n<p>13-15.5.05 Mailapelien Finish Open , Lahti<br \/>\nNelinp. 3. Keijo Pellinen \/ Simo Posti-Ahokas<br \/>\nNelinp. 4. Jari Valtonen<br \/>\nKaksinp. sija 5-8, Keijo Pellinen<\/p>\n<p>17.-18.9.05 ESB Espoon, Eliittikisat<br \/>\nMN-B 1. Tero M\u00e4kel\u00e4 \/ Jani Miinalainen<\/p>\n<p>07.-09.10.05 Drive Eliittikisat, Helsinki<br \/>\nMN-B 2. Tero M\u00e4kel\u00e4 \/ Jani Miinalainen<\/p>\n<p>08.-09.10.05 Mailapelien SM-kisat, Lahti<br \/>\nKaksinp. sija 5-8, Keijo Pellinen<\/p>\n<p>21.10.05 Sotilasurheiluliiton sulkapallomestaruuskisat, Riihim\u00e4ki<br \/>\nMK-A 1. Keijo Pellinen<br \/>\nMK-35 1. Keijo Pellinen<br \/>\nMN-A 1. Jari Valtonen<br \/>\nMN-45 1. Jari Valtonen \/ Reijo Pakkanen<br \/>\nMN-A 2. Juha Lahtela<br \/>\nMN-A 3. Reijo Pakkanen<br \/>\nMK-A 4. Juha Lahtela<\/p>\n<p>02.-12.05 Nastolan Eliittikisat<br \/>\nSN-B 4. Tero M\u00e4kel\u00e4<b><br \/>\n<\/b><\/p>\n<p><b><i>Kilpailutuloksia 2004<\/i><\/b><br \/>\n<b><i>Hamsun pelaajien kilpailusaavutuksia (nelj\u00e4n joukkoon)<\/i><\/b><\/p>\n<p>21.-22.2.04 Kouvolan kansalliset HELMI-kisat<br \/>\nMK-C 3. Keijo Pellinen<br \/>\nMK-40 3. Mika Kiljunen<br \/>\nMN-D 3. Eero Hakola \/ Tero M\u00e4kel\u00e4<br \/>\nMN-40 3. Reijo Pakkanen \/ Keijo Pellinen<\/p>\n<p>05.-07.3.04 \u00e4IF Vantaan Eliittikisat<br \/>\nMN-D 1. Eero Hakola \/ Tero M\u00e4kel\u00e4<\/p>\n<p>20.-21.3.04 Willimiehen Sulan kansalliset, Lappeenranta<br \/>\nMK-B 1. Janne Kivim\u00e4ki<br \/>\nMN-B 1. Janne Kivim\u00e4ki \/ Tero M\u00e4kel\u00e4<br \/>\nMK-C 3. Keijo Pellinen<br \/>\nMK-C 4. Tero M\u00e4kel\u00e4<br \/>\nMN-C 4. Tero M\u00e4kel\u00e4 \/ Eero Hakola<br \/>\nMK-D 1. Keijo Pellinen<br \/>\nMK-D 2. Rami Hiipakka<\/p>\n<p>11.-12.4.04 Backaksen Iskun kansalliset Vantaa<br \/>\nMN-C 3. Keijo Pellinen<br \/>\nMN-35 3. Keijo Pellinen<br \/>\nMK-D 3. Keijo Pellinen<\/p>\n<p>24.-25.4.04 Luokka SM-kilpailut Vantaa<br \/>\nSN-C 1. Tero M\u00e4kel\u00e4<br \/>\nMK-D 1. Keijo Pellinen<\/p>\n<p>14.-16.5.04 Mailapelien SM-kilpailut, Lahti<br \/>\nM. 40v. 3. Keijo Pellinen<br \/>\nJoukkuek. 4. Keijo Pellinen \/ Jari Valtonen<\/p>\n<p>04.-05.9.04 Hansun kansalliset Vantaa<br \/>\nMK-D 4. Rami Hiipakka<\/p>\n<p>01.-03.10.04 Drive Eliittikisat Helsinki<br \/>\nMN-C 2. Tero M\u00e4kel\u00e4<\/p>\n<p>08.-09.10.04 Sotilasurheiluliiton sulkapallomestaruuskisat, Kouvola<br \/>\nMK-A 2. Jari Valtonen<br \/>\nMK-A 3. Keijo Pellinen<br \/>\nMN-A 1. Reijo Pakkanen \/ Hannu Nokkala<br \/>\nMN-A 2. Juha Lahtela \/ Vesa Lumme<br \/>\nMN-A 3. Keijo Pellinen \/ Joakim Salonen<br \/>\nMN-A 4. Jari Valtonen<br \/>\nMK-35 1. Keijo Pellinen<br \/>\nMN-35 1. Keijo Pellinen \/ Hannu Nokkala<br \/>\nMK-45 1. Jari Valtonen<br \/>\nMK-45 2. Reijo Pakkanen<br \/>\nMN-45 1. Reijo Pakkanen \/ Jari Valtonen<\/p>\n<p>29.-31.10.04 HBC Eliittikisat Helsinki<br \/>\nMK-A 1. Janne Kivim\u00e4ki<\/p>\n<p>11.-14.11.04 Mailapelien MM-kilpailut, Wien, It\u00e4valta<br \/>\nAvoin kilpas. 17. Keijo Pellinen<br \/>\n.Joukkuek. 5. Keijo Pellinen \/ Suomen maajoukkue<\/p>\n<p>20.-21.11.04 Marsun kansalliset sulkapallokilpailut Vantaa<br \/>\nMK-D 4. Rami Hiipakka<\/p>\n<p>03.-05.12.04 Nastolan Eliittitisat<br \/>\nMK-A 1. Janne Kivim\u00e4ki<br \/>\nMN-C 4. Tero M\u00e4kel\u00e4<\/p>\n<p>18.-19.12.04 Sulkapallon Aluemestaruuskilpailut, Lahti<br \/>\nMN-HAR. 1. Aki Hiironen \/ Juha Lahtela<\/p>\n","protected":false},"excerpt":{"rendered":"<p>Kansalliset 2020: Savon Sulan kansallisissa kisoissa Kuopiossa 17-18.10 Janne Kivim\u00e4ki ja Luka Penttinen ottivat luokkavoitot! Janne voitti Mk-A luokan jossa Mansen Sulan Pauli Meuronen kukistui erin 2-0 (21-13,21-9) Luka puolestaan oli ykk\u00f6nen Mk-B luokassa jonka loppuottelussa kukistui KouSS:n Hannu Sirvi\u00f6 erin 2-1 (17-21,21-13,21-16). &nbsp; Kilpailutuloksia 2007 HamSun pelaajien kilpailusaavutuksia(nelj\u00e4n joukkoon) 20.-21.1.07 Tapion Sulan kansalliset SN-B [&hellip;]<\/p>\n","protected":false},"author":1,"featured_media":0,"parent":26,"menu_order":2,"comment_status":"closed","ping_status":"closed","template":"","meta":{"footnotes":""},"class_list":{"0":"post-37","1":"page","2":"type-page","3":"status-publish","4":"hentry","5":"","6":"blog-left-layout","7":"blog-style-postblock","9":"blog-alt-odd"},"_links":{"self":[{"href":"http:\/\/www.haminansulkapalloilijat.fi\/index.php?rest_route=\/wp\/v2\/pages\/37","targetHints":{"allow":["GET"]}}],"collection":[{"href":"http:\/\/www.haminansulkapalloilijat.fi\/index.php?rest_route=\/wp\/v2\/pages"}],"about":[{"href":"http:\/\/www.haminansulkapalloilijat.fi\/index.php?rest_route=\/wp\/v2\/types\/page"}],"author":[{"embeddable":true,"href":"http:\/\/www.haminansulkapalloilijat.fi\/index.php?rest_route=\/wp\/v2\/users\/1"}],"replies":[{"embeddable":true,"href":"http:\/\/www.haminansulkapalloilijat.fi\/index.php?rest_route=%2Fwp%2Fv2%2Fcomments&post=37"}],"version-history":[{"count":2,"href":"http:\/\/www.haminansulkapalloilijat.fi\/index.php?rest_route=\/wp\/v2\/pages\/37\/revisions"}],"predecessor-version":[{"id":1242,"href":"http:\/\/www.haminansulkapalloilijat.fi\/index.php?rest_route=\/wp\/v2\/pages\/37\/revisions\/1242"}],"up":[{"embeddable":true,"href":"http:\/\/www.haminansulkapalloilijat.fi\/index.php?rest_route=\/wp\/v2\/pages\/26"}],"wp:attachment":[{"href":"http:\/\/www.haminansulkapalloilijat.fi\/index.php?rest_route=%2Fwp%2Fv2%2Fmedia&parent=37"}],"curies":[{"name":"wp","href":"https:\/\/api.w.org\/{rel}","templated":true}]}}