{"id":106,"date":"2016-10-08T15:15:13","date_gmt":"2016-10-08T12:15:13","guid":{"rendered":"http:\/\/www.haminansulkapalloilijat.fi\/?page_id=106"},"modified":"2020-02-17T20:58:59","modified_gmt":"2020-02-17T18:58:59","slug":"seura","status":"publish","type":"page","link":"http:\/\/www.haminansulkapalloilijat.fi\/?page_id=106","title":{"rendered":"Seura"},"content":{"rendered":"<p><strong>HamSu:n historiaa ja nykyp\u00e4iv\u00e4\u00e4<\/strong><\/p>\n<p>Haminan Sulkapalloilijat ry:n perustava kokous pidettiin Haminan nuorisotoimistolla 9.1.1985 tarkoituksena edist\u00e4\u00e4 sulkapalloilun harrastamista Haminan seudulla. Ensimm\u00e4iseen johtokuntaan valittiin Eero M\u00e4h\u00f6nen, Timo Silvo, Ari Brusila, Elisa Honkamaa ja Kari Risu.<br \/>\nEero M\u00e4h\u00f6nen toimi puheenjohtajana vuoteen 1994 asti ja sen j\u00e4lkeen seuraa on luotsannut Timo Silvo.<br \/>\nSeuran tyylikk\u00e4\u00e4n logon suunnitteli ja piirsi haminalainen Pekka Tschernov.<br \/>\nSeura liittyi aluksi SVUL:n Kymenlaakson piirin, Suomen Sulkapalloliiton ja Suomen Kuntourheiluliiton j\u00e4seneksi.<\/p>\n<p>1990-luvun alkupuolella HamSu oli seurayhtym\u00e4 Havesportin j\u00e4sen, mutta t\u00e4ll\u00e4 hetkell\u00e4 seura on Suomen Sulkapalloliiton ja Kymenlaakson Liikunnan j\u00e4sen.<\/p>\n<p>HamSu:n ensimm\u00e4iset pelivuorot olivat Torinvarren koululla ja my\u00f6hemmin saatiin vuoroja Pappilansalmen koululle, jossa harjoitellaan nykyisinkin.<br \/>\nKilpailutoiminta koostui alkuvaiheessa Kouvolan Sulkapalloseuran ja Voikkaan Vesan v\u00e4listen seuraotteluiden merkeiss\u00e4. Ensimm\u00e4isiin kansallisiin kilpailuihin osallistuttiin helmikuussa 1985 Kuusankoskella.<br \/>\nLokakuussa 1985 Haanojan Haalilla Timo Silvo voitti D-luokan ja on ensimm\u00e4inen seuran C-luokkaan noussut pelaaja. Loppuottelussa vastassa oli Yrj\u00f6 Viitikko ja voitto tuli erin 2-1.<\/p>\n<p>Seuraotteluita Virojoen sulkapalloilun harrastajia vastaan pelattiin 80-luvun lopulla.<\/p>\n<p>Kansallisia kisoja HamSu j\u00e4rjesti vuosina1988\u20131992 ja 90-luvulla j\u00e4rjestettiin muutamia firmapuulaakeja.<\/p>\n<p>Seurojen v\u00e4liset nelimailaturneet olivat ohjelmassa jo 80-luvun lopulla sek\u00e4 2000-luvun alkupuolella.<br \/>\nSeuran oheislajina pelailtiin s\u00e4hly\u00e4 1990-luvun loppupuolelta aina 2000-luvun alkuun.<br \/>\nVuonna 2005 Qvick Cup:ksi nimettyyn ja syyskaudella pelattavaan seurojen v\u00e4liseen 4-peliturnaukseen HamSu on osallistunut kaikkina vuosina. Tuloksena on 6 voittoa vuosilta 2007,2008,2015,2016,2017 ja 2018<br \/>\nVuonna 2009 aloitettu HamSu:n vuosittainen kev\u00e4tturnaus on ker\u00e4nnyt l\u00e4hiseuduilta parhaimmillaan noin 100 pelaajaa ja ilahduttavan paljon junioripelaajia.<br \/>\nLajin esittely- ja valmennustapahtumia l\u00e4hiseudun kouluilla on j\u00e4rjestetty useampiakin 2000 luvulla.<\/p>\n<p>J\u00e4seni\u00e4 seurassa sen historian aikana on ollut kaikkiaan n. 500, ja useampiakin alkuvuosien j\u00e4seni\u00e4 on toiminnassa edelleen mukana. Korkein j\u00e4senm\u00e4\u00e4r\u00e4 125 kpl on vuodelta 2012.<\/p>\n<p>Jos olet kiinnostunut sulkapalloilun harrastamisesta Haminan seudulla, niin HamSu tarjoaa uusille pelaajille mahdollisuuden lajin harrastamiseen harjoitusvuoroillaan Pappilansalmen koululla.<\/p>\n<p>Pelivuoroja on tarjolla kolmelle ryhm\u00e4lle: junioreille, harrastajille ja edellisist\u00e4 \u201duloskasvaneille\u201d pelaajille.<\/p>\n<p>Jos olet nuori (alle 18v) ja et ole aikaisemmin harrastanut sulkapalloilua, voit tulla juniorivuoroille tutustumaan lajiin. Seura tarjoaa ohjattua opastusta ja eritasoisia pelikavereita eli voit tulla yksin tai kaverin kanssa. Suositeltavia varusteita ovat sis\u00e4liikuntaan soveltuva asu ja pelitossut. Jos et omista mailaa, niin voit lainata seuran v\u00e4lineit\u00e4 ja hankkia oman mailan my\u00f6hemmin.<\/p>\n<p>Jos et kuulu ik\u00e4si puolesta edelliseen ryhm\u00e4\u00e4n, niin harrastajille tarkoitettu ns. kondis- ryhm\u00e4 on luultavasti sopiva vaihtoehto. Suositeltavat varusteet ovat sis\u00e4liikuntaan soveltuva asu, pelitossut ja sulkapallomaila ja palloja.<\/p>\n<p>Mik\u00e4li olet aikaisemmin harrastanut lajia ja mahdollisesti k\u00e4ynyt kilpailuissa, voit tulla ns. aikuisten vuoroille.<\/p>\n<p>Jos p\u00e4\u00e4t\u00e4t jatkaa harrastusta, niin olet tervetullut HamSu:n j\u00e4seneksi. J\u00e4senmaksu sis\u00e4lt\u00e4\u00e4 pelivuorot, ohjatun opastuksen ja pallot junioreille.<\/p>\n<p>Seuran kautta voi ostaa sulkapalloja (aitoja sulkaisia) edulliseen seurahintaan.<\/p>\n<p>Lis\u00e4tietoja voit kysy\u00e4 mm. Janne Kivim\u00e4elt\u00e4 tai muilta vastuuhenkil\u00f6ilt\u00e4.<\/p>\n","protected":false},"excerpt":{"rendered":"<p>HamSu:n historiaa ja nykyp\u00e4iv\u00e4\u00e4 Haminan Sulkapalloilijat ry:n perustava kokous pidettiin Haminan nuorisotoimistolla 9.1.1985 tarkoituksena edist\u00e4\u00e4 sulkapalloilun harrastamista Haminan seudulla. Ensimm\u00e4iseen johtokuntaan valittiin Eero M\u00e4h\u00f6nen, Timo Silvo, Ari Brusila, Elisa Honkamaa ja Kari Risu. Eero M\u00e4h\u00f6nen toimi puheenjohtajana vuoteen 1994 asti ja sen j\u00e4lkeen seuraa on luotsannut Timo Silvo. Seuran tyylikk\u00e4\u00e4n logon suunnitteli ja piirsi haminalainen [&hellip;]<\/p>\n","protected":false},"author":1,"featured_media":0,"parent":0,"menu_order":6,"comment_status":"closed","ping_status":"closed","template":"","meta":{"footnotes":""},"class_list":{"0":"post-106","1":"page","2":"type-page","3":"status-publish","4":"hentry","5":"","6":"blog-left-layout","7":"blog-style-postblock","9":"blog-alt-odd"},"_links":{"self":[{"href":"http:\/\/www.haminansulkapalloilijat.fi\/index.php?rest_route=\/wp\/v2\/pages\/106","targetHints":{"allow":["GET"]}}],"collection":[{"href":"http:\/\/www.haminansulkapalloilijat.fi\/index.php?rest_route=\/wp\/v2\/pages"}],"about":[{"href":"http:\/\/www.haminansulkapalloilijat.fi\/index.php?rest_route=\/wp\/v2\/types\/page"}],"author":[{"embeddable":true,"href":"http:\/\/www.haminansulkapalloilijat.fi\/index.php?rest_route=\/wp\/v2\/users\/1"}],"replies":[{"embeddable":true,"href":"http:\/\/www.haminansulkapalloilijat.fi\/index.php?rest_route=%2Fwp%2Fv2%2Fcomments&post=106"}],"version-history":[{"count":7,"href":"http:\/\/www.haminansulkapalloilijat.fi\/index.php?rest_route=\/wp\/v2\/pages\/106\/revisions"}],"predecessor-version":[{"id":1157,"href":"http:\/\/www.haminansulkapalloilijat.fi\/index.php?rest_route=\/wp\/v2\/pages\/106\/revisions\/1157"}],"wp:attachment":[{"href":"http:\/\/www.haminansulkapalloilijat.fi\/index.php?rest_route=%2Fwp%2Fv2%2Fmedia&parent=106"}],"curies":[{"name":"wp","href":"https:\/\/api.w.org\/{rel}","templated":true}]}}